{"id":17,"date":"2022-12-22T18:17:59","date_gmt":"2022-12-22T18:17:59","guid":{"rendered":"https:\/\/raul.opcionalia.com\/?page_id=17"},"modified":"2022-12-22T19:10:02","modified_gmt":"2022-12-22T19:10:02","slug":"mejores-tiendas-online-para-su-servicio","status":"publish","type":"page","link":"https:\/\/raul.opcionalia.com\/","title":{"rendered":"mejores tiendas online para su servicio"},"content":{"rendered":"<blockquote>\n<h4 style=\"text-align: left; padding-left: 40px;\"><span style=\"color: #355ebd;\">Nosotros, WordPress.com y nuestros socios publicitarios, almacenamos o accedemos a informaci\u00f3n en un dispositivo y tratamos datos personales, como los identificadores \u00fanicos, la actividad de navegaci\u00f3n y otra informaci\u00f3n est\u00e1ndar que env\u00eda el dispositivo, incluida tu direcci\u00f3n IP. Esta informaci\u00f3n se recoge a lo largo del tiempo y se utiliza para ofrecer anuncios personalizados, medir el rendimiento de anuncios, obtener informaci\u00f3n sobre el p\u00fablico y desarrollar productos espec\u00edficos de nuestro programa publicitario. Si est\u00e1s de acuerdo con todo lo anterior, selecciona \u00abAcepto\u00bb m\u00e1s abajo. Adem\u00e1s, puedes obtener m\u00e1s informaci\u00f3n, personalizar tus preferencias de consentimiento o denegar el consentimiento haciendo clic en \u00abM\u00e1s opciones\u00bb. Ten en cuenta que tus preferencias se aplican a todos los sitios web de la\u00a0<a style=\"color: #355ebd;\" href=\"https:\/\/automattic.com\/cookies\/#user-ads-consent\" target=\"_blank\" rel=\"noopener\">red de WordPress.com<\/a>\u00a0y que, si m\u00e1s adelante cambias de opini\u00f3n, puedes cambiarlas en cualquier momento accediendo al enlace sobre privacidad que aparece debajo de cada anuncio. Por \u00faltimo, nuestros socios pueden tratar algunos de tus datos bas\u00e1ndose en sus intereses leg\u00edtimos en lugar de en tu consentimiento, pero puedes oponerte a ello si pulsas \u00abM\u00e1s opciones\u00bb y desactivas el bot\u00f3n \u00abInter\u00e9s Leg\u00edtimo\u00bb bajo cada una de las Finalidades o Socios indicados.<\/span><\/h4>\n<\/blockquote>\n","protected":false},"excerpt":{"rendered":"<p>Nosotros, WordPress.com y nuestros socios publicitarios, almacenamos o accedemos a informaci\u00f3n en un dispositivo y tratamos datos personales, como los identificadores \u00fanicos, la actividad de navegaci\u00f3n y otra informaci\u00f3n est\u00e1ndar que env\u00eda el dispositivo, incluida tu direcci\u00f3n IP. Esta informaci\u00f3n se recoge a lo largo del tiempo y se utiliza para ofrecer anuncios personalizados, medir [&hellip;]<\/p>\n","protected":false},"author":1,"featured_media":0,"parent":0,"menu_order":0,"comment_status":"closed","ping_status":"closed","template":"","meta":[],"_links":{"self":[{"href":"https:\/\/raul.opcionalia.com\/index.php?rest_route=\/wp\/v2\/pages\/17"}],"collection":[{"href":"https:\/\/raul.opcionalia.com\/index.php?rest_route=\/wp\/v2\/pages"}],"about":[{"href":"https:\/\/raul.opcionalia.com\/index.php?rest_route=\/wp\/v2\/types\/page"}],"author":[{"embeddable":true,"href":"https:\/\/raul.opcionalia.com\/index.php?rest_route=\/wp\/v2\/users\/1"}],"replies":[{"embeddable":true,"href":"https:\/\/raul.opcionalia.com\/index.php?rest_route=%2Fwp%2Fv2%2Fcomments&post=17"}],"version-history":[{"count":4,"href":"https:\/\/raul.opcionalia.com\/index.php?rest_route=\/wp\/v2\/pages\/17\/revisions"}],"predecessor-version":[{"id":22,"href":"https:\/\/raul.opcionalia.com\/index.php?rest_route=\/wp\/v2\/pages\/17\/revisions\/22"}],"wp:attachment":[{"href":"https:\/\/raul.opcionalia.com\/index.php?rest_route=%2Fwp%2Fv2%2Fmedia&parent=17"}],"curies":[{"name":"wp","href":"https:\/\/api.w.org\/{rel}","templated":true}]}}